{"id":3477,"date":"2019-06-13T07:13:30","date_gmt":"2019-06-13T07:13:30","guid":{"rendered":"https:\/\/www.icomeurope.com\/produkt\/ve-sp1\/"},"modified":"2022-03-07T15:42:48","modified_gmt":"2022-03-07T15:42:48","slug":"ve-sp1","status":"publish","type":"product","link":"https:\/\/www.icomeurope.com\/en\/product\/ve-sp1\/","title":{"rendered":"VE-SP1"},"content":{"rendered":"<p>The VE-SP1 is a speakerphone that enables a simultaneous voice conference in multiple locations by combining communication with Icom IP transceivers. It can also be powered with alkaline batteries, as well as the supplied AC adapter, so you can have a meeting not only in a conference room, but also outdoors or in places without a power source.<\/p>\n<ul>\n<li><strong>For voice conferences between the head and branch offices<\/strong><br \/>\nSie k\u00f6nnen eine effiziente Besprechung abhalten, als w\u00e4ren alle Mitarbeiter im selben Raum, You can have an efficient meeting, as if all staff members were in the same room, regardless of the distance of the multiple locations..<\/li>\n<li><strong>For a staff room at an event site<\/strong><br \/>\nAll staff members in a back office can share information with other members in different locations at an event site. Quick information sharing can provide swifter and better service in a timely manner.<\/li>\n<li><strong>For information sharing in disasters<\/strong><br \/>\nEin Bericht aus einem betroffenen Gebiet \u00fcber IP-Transceiver, kann \u00fcber die VE-SP1 in der Zentrale geh\u00f6rt werden. Somit k\u00f6nnen alle Mitglieder im Hauptquartier unverz\u00fcglich \u00fcber die Notsituation auf dem Laufenden gehalten werden.<\/li>\n<\/ul>\n<p><strong>Variety of operation places<\/strong><br \/>\nInstead of the supplied AC adapter, you can also use 8 LR6 (AA) alkaline batteries, so you can operate where there is no AC outlet. In addition, in case you run out of batteries, the speakerphone can be powered by the IP transceiver.<\/p>\n<p><strong>Wide coverage*, easy access<\/strong><br \/>\nUsing an existing LTE (4G) and 3G network, the Icom IP transceivers are able to provide wide area and<br \/>\ninstantaneous communication.<\/p>\n<p>* The coverage area depends on the country and service provider.<\/p>\n<p><strong>Easy to carry, compact, and light<\/strong><br \/>\nThe weight is only about 595 grams (1.3 pounds). The design is rugged, and the size is compact and easy to carry around so that you can start a meeting in anywhere.<\/p>\n<p><strong>1100 mW of large audio, suitable for large conference<\/strong><br \/>\nBesides the internal microphone, an external microphone is supplied, and its cable length is 3 meters (9.84 feet). By using these two microphones, audio from a wider area can be picked up. Furthermore, if you use an optional external speaker, the output audio can be much louder and therefore it is well-suited for large conferences.<\/p>\n<p><strong>Able to charge the IP transceiver<\/strong><br \/>\nWhen used with the AC adapter, you can simultaneously charge the IP transceiver.<\/p>\n<p><strong>Mitgeliefertes Zubeh\u00f6r<br \/>\n<\/strong>OPC-2397 Cable for the transceiver connection | BC-242 AC adapter (USA, EUR, UK, and AUS input plugs included) | SM-1 External microphone (With a PTT switch. Cable length: 3 m, 9.84 ft)<\/p>\n<p><strong>Compatible IP transceivers<\/strong><br \/>\nIP501H | IP503H<\/p>\n<p><strong>Further information can be found in the download area<\/strong><\/p>\n<div class=\"fusion-button-wrapper\"><a class=\"fusion-button button-flat fusion-button-default-size button-default fusion-button-default button-1 fusion-button-default-span fusion-button-default-type\" target=\"_blank\" rel=\"noopener noreferrer\" href=\"\/en\/downloads-network-solutions-wlan\/\"><span class=\"fusion-button-text awb-button__text awb-button__text--default\">Download area<\/span><\/a><\/div>\n","protected":false},"excerpt":{"rendered":"<h2>Portable Speakerphone for Icom IP Transceivers Provides Multi-Site Voice Conference<\/h2>\n[fusion_button link=\"\/en\/distributor\/\" title=\"\" target=\"_self\" link_attributes=\"\" alignment=\"left\" modal=\"\" hide_on_mobile=\"small-visibility,medium-visibility,large-visibility\" class=\"\" id=\"\" color=\"default\" button_gradient_top_color=\"\" button_gradient_bottom_color=\"\" button_gradient_top_color_hover=\"\" button_gradient_bottom_color_hover=\"\" accent_color=\"\" accent_hover_color=\"\" type=\"\" bevel_color=\"\" border_width=\"\" size=\"\" stretch=\"default\" shape=\"\" icon=\"\" icon_position=\"left\" icon_divider=\"no\" animation_type=\"\" animation_direction=\"left\" animation_speed=\"0.3\" animation_offset=\"\"]find distributors[\/fusion_button]\n","protected":false},"featured_media":5687,"template":"","meta":[],"product_brand":[],"product_cat":[86],"product_tag":[],"class_list":{"0":"post-3477","1":"product","2":"type-product","3":"status-publish","4":"has-post-thumbnail","6":"product_cat-network-solutions-lte","8":"first","9":"outofstock","10":"taxable","11":"shipping-taxable","12":"product-type-simple"},"yoast_head":"<!-- This site is optimized with the Yoast SEO plugin v26.4 - https:\/\/yoast.com\/wordpress\/plugins\/seo\/ -->\n<title>VE-SP1 - Icom Europe<\/title>\n<meta name=\"robots\" content=\"index, follow, max-snippet:-1, max-image-preview:large, max-video-preview:-1\" \/>\n<link rel=\"canonical\" href=\"https:\/\/www.icomeurope.com\/en\/product\/ve-sp1\/\" \/>\n<meta property=\"og:locale\" content=\"en_US\" \/>\n<meta property=\"og:type\" content=\"article\" \/>\n<meta property=\"og:title\" content=\"VE-SP1 - Icom Europe\" \/>\n<meta property=\"og:description\" content=\"Portable Speakerphone for Icom IP Transceivers Provides Multi-Site Voice Conference\" \/>\n<meta property=\"og:url\" content=\"https:\/\/www.icomeurope.com\/en\/product\/ve-sp1\/\" \/>\n<meta property=\"og:site_name\" content=\"Icom Europe\" \/>\n<meta property=\"article:modified_time\" content=\"2022-03-07T15:42:48+00:00\" \/>\n<meta property=\"og:image\" content=\"https:\/\/www.icomeurope.com\/wp-content\/uploads\/2019\/06\/19-7005.VE-SP1IP501H-2.png\" \/>\n\t<meta property=\"og:image:width\" content=\"800\" \/>\n\t<meta property=\"og:image:height\" content=\"800\" \/>\n\t<meta property=\"og:image:type\" content=\"image\/png\" \/>\n<meta name=\"twitter:card\" content=\"summary_large_image\" \/>\n<meta name=\"twitter:label1\" content=\"Est. reading time\" \/>\n\t<meta name=\"twitter:data1\" content=\"3 minutes\" \/>\n<script type=\"application\/ld+json\" class=\"yoast-schema-graph\">{\"@context\":\"https:\/\/schema.org\",\"@graph\":[{\"@type\":\"WebPage\",\"@id\":\"https:\/\/www.icomeurope.com\/en\/product\/ve-sp1\/\",\"url\":\"https:\/\/www.icomeurope.com\/en\/product\/ve-sp1\/\",\"name\":\"VE-SP1 - Icom Europe\",\"isPartOf\":{\"@id\":\"https:\/\/www.icomeurope.com\/en\/#website\"},\"primaryImageOfPage\":{\"@id\":\"https:\/\/www.icomeurope.com\/en\/product\/ve-sp1\/#primaryimage\"},\"image\":{\"@id\":\"https:\/\/www.icomeurope.com\/en\/product\/ve-sp1\/#primaryimage\"},\"thumbnailUrl\":\"https:\/\/www.icomeurope.com\/wp-content\/uploads\/2019\/06\/19-7005.VE-SP1IP501H-2.png\",\"datePublished\":\"2019-06-13T07:13:30+00:00\",\"dateModified\":\"2022-03-07T15:42:48+00:00\",\"breadcrumb\":{\"@id\":\"https:\/\/www.icomeurope.com\/en\/product\/ve-sp1\/#breadcrumb\"},\"inLanguage\":\"en-US\",\"potentialAction\":[{\"@type\":\"ReadAction\",\"target\":[\"https:\/\/www.icomeurope.com\/en\/product\/ve-sp1\/\"]}]},{\"@type\":\"ImageObject\",\"inLanguage\":\"en-US\",\"@id\":\"https:\/\/www.icomeurope.com\/en\/product\/ve-sp1\/#primaryimage\",\"url\":\"https:\/\/www.icomeurope.com\/wp-content\/uploads\/2019\/06\/19-7005.VE-SP1IP501H-2.png\",\"contentUrl\":\"https:\/\/www.icomeurope.com\/wp-content\/uploads\/2019\/06\/19-7005.VE-SP1IP501H-2.png\",\"width\":800,\"height\":800},{\"@type\":\"BreadcrumbList\",\"@id\":\"https:\/\/www.icomeurope.com\/en\/product\/ve-sp1\/#breadcrumb\",\"itemListElement\":[{\"@type\":\"ListItem\",\"position\":1,\"name\":\"Startseite\",\"item\":\"https:\/\/www.icomeurope.com\/en\/\"},{\"@type\":\"ListItem\",\"position\":2,\"name\":\"Shop\",\"item\":\"https:\/\/www.icomeurope.com\/en\/shop\/\"},{\"@type\":\"ListItem\",\"position\":3,\"name\":\"VE-SP1\"}]},{\"@type\":\"WebSite\",\"@id\":\"https:\/\/www.icomeurope.com\/en\/#website\",\"url\":\"https:\/\/www.icomeurope.com\/en\/\",\"name\":\"Icom Europe\",\"description\":\"Communication Equipment\",\"publisher\":{\"@id\":\"https:\/\/www.icomeurope.com\/en\/#organization\"},\"potentialAction\":[{\"@type\":\"SearchAction\",\"target\":{\"@type\":\"EntryPoint\",\"urlTemplate\":\"https:\/\/www.icomeurope.com\/en\/?s={search_term_string}\"},\"query-input\":{\"@type\":\"PropertyValueSpecification\",\"valueRequired\":true,\"valueName\":\"search_term_string\"}}],\"inLanguage\":\"en-US\"},{\"@type\":\"Organization\",\"@id\":\"https:\/\/www.icomeurope.com\/en\/#organization\",\"name\":\"Icom Europe\",\"url\":\"https:\/\/www.icomeurope.com\/en\/\",\"logo\":{\"@type\":\"ImageObject\",\"inLanguage\":\"en-US\",\"@id\":\"https:\/\/www.icomeurope.com\/en\/#\/schema\/logo\/image\/\",\"url\":\"https:\/\/www.icomeurope.com\/wp-content\/uploads\/2018\/04\/icom-europe-logo-300.jpg\",\"contentUrl\":\"https:\/\/www.icomeurope.com\/wp-content\/uploads\/2018\/04\/icom-europe-logo-300.jpg\",\"width\":300,\"height\":145,\"caption\":\"Icom Europe\"},\"image\":{\"@id\":\"https:\/\/www.icomeurope.com\/en\/#\/schema\/logo\/image\/\"}}]}<\/script>\n<!-- \/ Yoast SEO plugin. -->","yoast_head_json":{"title":"VE-SP1 - Icom Europe","robots":{"index":"index","follow":"follow","max-snippet":"max-snippet:-1","max-image-preview":"max-image-preview:large","max-video-preview":"max-video-preview:-1"},"canonical":"https:\/\/www.icomeurope.com\/en\/product\/ve-sp1\/","og_locale":"en_US","og_type":"article","og_title":"VE-SP1 - Icom Europe","og_description":"Portable Speakerphone for Icom IP Transceivers Provides Multi-Site Voice Conference","og_url":"https:\/\/www.icomeurope.com\/en\/product\/ve-sp1\/","og_site_name":"Icom Europe","article_modified_time":"2022-03-07T15:42:48+00:00","og_image":[{"width":800,"height":800,"url":"https:\/\/www.icomeurope.com\/wp-content\/uploads\/2019\/06\/19-7005.VE-SP1IP501H-2.png","type":"image\/png"}],"twitter_card":"summary_large_image","twitter_misc":{"Est. reading time":"3 minutes"},"schema":{"@context":"https:\/\/schema.org","@graph":[{"@type":"WebPage","@id":"https:\/\/www.icomeurope.com\/en\/product\/ve-sp1\/","url":"https:\/\/www.icomeurope.com\/en\/product\/ve-sp1\/","name":"VE-SP1 - Icom Europe","isPartOf":{"@id":"https:\/\/www.icomeurope.com\/en\/#website"},"primaryImageOfPage":{"@id":"https:\/\/www.icomeurope.com\/en\/product\/ve-sp1\/#primaryimage"},"image":{"@id":"https:\/\/www.icomeurope.com\/en\/product\/ve-sp1\/#primaryimage"},"thumbnailUrl":"https:\/\/www.icomeurope.com\/wp-content\/uploads\/2019\/06\/19-7005.VE-SP1IP501H-2.png","datePublished":"2019-06-13T07:13:30+00:00","dateModified":"2022-03-07T15:42:48+00:00","breadcrumb":{"@id":"https:\/\/www.icomeurope.com\/en\/product\/ve-sp1\/#breadcrumb"},"inLanguage":"en-US","potentialAction":[{"@type":"ReadAction","target":["https:\/\/www.icomeurope.com\/en\/product\/ve-sp1\/"]}]},{"@type":"ImageObject","inLanguage":"en-US","@id":"https:\/\/www.icomeurope.com\/en\/product\/ve-sp1\/#primaryimage","url":"https:\/\/www.icomeurope.com\/wp-content\/uploads\/2019\/06\/19-7005.VE-SP1IP501H-2.png","contentUrl":"https:\/\/www.icomeurope.com\/wp-content\/uploads\/2019\/06\/19-7005.VE-SP1IP501H-2.png","width":800,"height":800},{"@type":"BreadcrumbList","@id":"https:\/\/www.icomeurope.com\/en\/product\/ve-sp1\/#breadcrumb","itemListElement":[{"@type":"ListItem","position":1,"name":"Startseite","item":"https:\/\/www.icomeurope.com\/en\/"},{"@type":"ListItem","position":2,"name":"Shop","item":"https:\/\/www.icomeurope.com\/en\/shop\/"},{"@type":"ListItem","position":3,"name":"VE-SP1"}]},{"@type":"WebSite","@id":"https:\/\/www.icomeurope.com\/en\/#website","url":"https:\/\/www.icomeurope.com\/en\/","name":"Icom Europe","description":"Communication Equipment","publisher":{"@id":"https:\/\/www.icomeurope.com\/en\/#organization"},"potentialAction":[{"@type":"SearchAction","target":{"@type":"EntryPoint","urlTemplate":"https:\/\/www.icomeurope.com\/en\/?s={search_term_string}"},"query-input":{"@type":"PropertyValueSpecification","valueRequired":true,"valueName":"search_term_string"}}],"inLanguage":"en-US"},{"@type":"Organization","@id":"https:\/\/www.icomeurope.com\/en\/#organization","name":"Icom Europe","url":"https:\/\/www.icomeurope.com\/en\/","logo":{"@type":"ImageObject","inLanguage":"en-US","@id":"https:\/\/www.icomeurope.com\/en\/#\/schema\/logo\/image\/","url":"https:\/\/www.icomeurope.com\/wp-content\/uploads\/2018\/04\/icom-europe-logo-300.jpg","contentUrl":"https:\/\/www.icomeurope.com\/wp-content\/uploads\/2018\/04\/icom-europe-logo-300.jpg","width":300,"height":145,"caption":"Icom Europe"},"image":{"@id":"https:\/\/www.icomeurope.com\/en\/#\/schema\/logo\/image\/"}}]}},"_links":{"self":[{"href":"https:\/\/www.icomeurope.com\/en\/wp-json\/wp\/v2\/product\/3477","targetHints":{"allow":["GET"]}}],"collection":[{"href":"https:\/\/www.icomeurope.com\/en\/wp-json\/wp\/v2\/product"}],"about":[{"href":"https:\/\/www.icomeurope.com\/en\/wp-json\/wp\/v2\/types\/product"}],"wp:featuredmedia":[{"embeddable":true,"href":"https:\/\/www.icomeurope.com\/en\/wp-json\/wp\/v2\/media\/5687"}],"wp:attachment":[{"href":"https:\/\/www.icomeurope.com\/en\/wp-json\/wp\/v2\/media?parent=3477"}],"wp:term":[{"taxonomy":"product_brand","embeddable":true,"href":"https:\/\/www.icomeurope.com\/en\/wp-json\/wp\/v2\/product_brand?post=3477"},{"taxonomy":"product_cat","embeddable":true,"href":"https:\/\/www.icomeurope.com\/en\/wp-json\/wp\/v2\/product_cat?post=3477"},{"taxonomy":"product_tag","embeddable":true,"href":"https:\/\/www.icomeurope.com\/en\/wp-json\/wp\/v2\/product_tag?post=3477"}],"curies":[{"name":"wp","href":"https:\/\/api.w.org\/{rel}","templated":true}]}}