{"id":3458,"date":"2018-08-12T11:29:10","date_gmt":"2018-08-12T11:29:10","guid":{"rendered":"https:\/\/www.icomeurope.com\/produkt\/ic-a25ne-ic-a25ce\/"},"modified":"2024-08-29T16:11:09","modified_gmt":"2024-08-29T14:11:09","slug":"ic-a25ne-ic-a25ce","status":"publish","type":"product","link":"https:\/\/www.icomeurope.com\/en\/product\/ic-a25ne-ic-a25ce\/","title":{"rendered":"IC-A25NE \/ IC-A25CE"},"content":{"rendered":"<p><strong>6 W HF-Sendeleistung<\/strong><br \/>\nF\u00fcr gr\u00f6\u00dfere Reichweite wurde die Ausgangsleistung im vergleich zum Vorg\u00e4nger IC-A24E (5\/1,5 W PEP\/Tr\u00e4ger) auf etwa 6 W typ. (PEP)\/1,8 W typ. (Tr\u00e4ger) erh\u00f6ht.<\/p>\n<p><strong>Einfach bedienbares Nutzer-Interface<\/strong><br \/>\nH\u00e4ufig benutzte Funktionen sind den tasten der 10er-Tastatur zugeordnet, sodass man sie direkt aufrufen kann. Die vergr\u00f6\u00dferte flache Tastatur erm\u00f6glicht eine sanfte und flinke Bedienung.<\/p>\n<p><img decoding=\"async\" src=\"https:\/\/www.icomeurope.com\/wp-content\/uploads\/2018\/08\/IC-A25NE_A25CE_easy_interface.jpg\" alt=\"\" width=\"102\" height=\"161\" \/><\/p>\n<p>Die Abb. zeigt das IC-A25NE.<\/p>\n<p><strong>2,3 Zoll gro\u00dfes gut ablesbares LC-Display<\/strong><br \/>\nHoher Kontrast und 2,3 Zoll Diagonale kennzeichnen das LC-Display, dessen Informationen sich auch bei direkter Sonneneinstrahlung gut ablesen lassen. Die mit gro\u00dfen Ziffern angezeigte Betriebsfrequenz f\u00e4llt sofort ins Auge und der Nachtmodus erleichtert das Ablesen bei Dunkelheit.<\/p>\n<p><img decoding=\"async\" src=\"https:\/\/www.icomeurope.com\/wp-content\/uploads\/2018\/08\/IC-A25NE_A25CE_menu_screen.jpg\" alt=\"\" width=\"97\" height=\"122\" \/><\/p>\n<p><strong>Wiederaufnahme der Kan\u00e4le per &#8220;Flip-Flop&#8221;<\/strong><br \/>\nDie IC-A25NE\/CE speichern automatisch die zehn zuletzt benutzten Kan\u00e4le, sodass man sie ganz einfach mit den Navigationstasten, der 10er-Tastatur oder dem Kanalwahlknopf wieder aufrufen kann. Dies macht die Umschaltung zwischen verschiedenen Kan\u00e4len wie den NAV- und COM-Kan\u00e4len (beim IC-A25NE) sehr bequem. Zus\u00e4tzlich lassen sich die gespeicherten Recall-Kan\u00e4le frei editieren (Ersetzen, L\u00f6schen, \u00c4ndern der Reihenfolge).<\/p>\n<p><img decoding=\"async\" src=\"https:\/\/www.icomeurope.com\/wp-content\/uploads\/2018\/08\/IC-A25NE_A25CE_recall_channel_screen.jpg\" alt=\"\" width=\"87\" height=\"110\" \/><\/p>\n<p><strong>Bluetooth\u00ae f\u00fcr freih\u00e4ndige Bedienung eingebaut<\/strong><br \/>\nZur Kopplung mit Bluetooth\u00ae-Headsets von Fremdherstellern verf\u00fcgt das IC-A25NE \u00fcber eingebautes Bluetooth\u00ae, sodass es bequem freih\u00e4ndig bedient werden kann. Wenn man ein optionales Bluetooth\u00ae-Headset VS-3 verwendet, steht auch die Mith\u00f6rfunktion zur Verf\u00fcgung.<\/p>\n<p><strong>Intelligenter Akku mit genauer Zustandsanzeige<\/strong><br \/>\nDer mitgelieferte Akku-Pack BP-280 (2350 mAh typ.) ist intelligent und erlaubt bis zu 10,5 Stunden* Betriebszeit. Sein Ladezustand kann im Batteriezustands-Display \u00fcberpr\u00fcft werden. Dies ist n\u00fctzlich, um ihn optimal zu laden und seine Nutzungsdauer auszusch\u00f6pfen.<\/p>\n<p><img decoding=\"async\" src=\"https:\/\/www.icomeurope.com\/wp-content\/uploads\/2018\/08\/IC-A25NE_A25CE_battery_information_screen.jpg\" alt=\"\" width=\"91\" height=\"114\" \/><\/p>\n<p><strong>Weitere Merkmale<\/strong><br \/>\nIP57-staubgesch\u00fctzt- und wasserdicht \u2502 Betrieb mit 6 AA-Alkaline-Batterien im Batteriebeh\u00e4lter BP-289 m\u00f6glich \u2502 BNC-Antennenbuchse \u2502 Notruftaste f\u00fcr 121,5 MHz \u2502 Priorit\u00e4ts\u00fcberwachung \u2502 VFO-, Speicher- und Priorit\u00e4tssuchlauf \u2502 ANL (Auto Noise Limiter) zur Ger\u00e4uschreduzierung \u2502 Mith\u00f6rfunktion zur \u00dcberpr\u00fcfung der eigenen Sprachaussendung \u2502 Eingebaute VOX \u2502 300 Speicherkan\u00e4le (in 15 Speichergruppen) mit 12 Zeichen langen Namen \u2502 8,33 kHz Kanalabstand<\/p>\n<p><strong>Navigationsfunktionen* (f\u00fcr IC-A25NE)<\/strong><br \/>\n<em>VOR-Navigation<\/em><br \/>\n<u>CDI<\/u> (Course Deviation Indicator) ist genau wie ein echtes VOR-Instrument und zeigt die Abweichung vom Kurs an.<br \/>\n<u>OBS<\/u> (Omni Bearing Selector) gestattet Kurs\u00e4nderungen vom urspr\u00fcnglichen Flugplan<br \/>\nDie <u>TO-FROM<\/u>-Anzeige zeigt die positionsverh\u00e4ltnisse zwischen dem eigenen Flugzeug und dem mit OSB gew\u00e4hlten Kurs an.<br \/>\nDie <u>ABSS<\/u>&#8211; (Automatic Bearing Set System) Funktion erlaubt es, mit nur zwei bedienschritten den aktuellen Kurs als neuen Kurs einzustellen.<\/p>\n<p><img decoding=\"async\" src=\"https:\/\/www.icomeurope.com\/wp-content\/uploads\/2018\/08\/IC-A25NE_VOR_screen.jpg\" alt=\"\" \/><\/p>\n<p><strong>Suchfunktion f\u00fcr die n\u00e4chstgelegenen Stationen<\/strong><br \/>\nDiese Funktion unterst\u00fctzt bei der Suche nach den n\u00e4chstgelegenen Bodenstationen. Sie sucht nach ihnen auf Basis der Informationen der Stationsspeicher, in denen zus\u00e4tzlich GPS-Daten vorhanden sind. Um die Suchfunktion nutzen zu k\u00f6nnen, m\u00fcssen die Positionsdaten und die Frequenzen der einzelnen Bodenstationen vorprogrammiert sein.<\/p>\n<p><img decoding=\"async\" src=\"https:\/\/www.icomeurope.com\/wp-content\/uploads\/2018\/08\/IC-A25NE_near_station_search_function_screen.jpg\" alt=\"\" width=\"120\" height=\"122\" \/><br \/>\n<strong><br \/>\nEingebauter GPS-Empf\u00e4nger mit vereinfachter Wegpunkt-Navigation<\/strong><br \/>\nDie vereinfachte Wegpunkt-Navigation f\u00fchrt Sie zum Ziel, indem sie auf die aktuellen GPS-Positionsdaten (auch GLONASS und SBAS) zugreift. Die Wegpunkt-Navigation hat zwei Funktionen: Die Direkt-zu- und die Flugplan-Navigation. Im IC-A25NE k\u00f6nnen bis zu 10 Flugpl\u00e4ne und 300 Wegpunkte gespeichert werden.<\/p>\n<p><strong>Flugpl\u00e4ne mit Android\u2122- bzw. iOS\u2122-Apps<\/strong><br \/>\nWenn man die App RS-AERO1I (iOS\u2122) auf seinem Ger\u00e4t installiert hat, kann man Flugpl\u00e4ne mit dem iOS\u2122-Ger\u00e4t erstellen und per Bluetooth\u00ae auf das IC-A25NE \u00fcbertragen. Folgende Funktionen stehen zur verf\u00fcgung: Flugplan erstellen, Direct-To NAV einstellen, Flugplaninformationen und Wegpunktinformationen anzeigen.<\/p>\n<p><img decoding=\"async\" src=\"https:\/\/www.icomeurope.com\/wp-content\/uploads\/2018\/08\/IC-A25NE_RS-AERO1I_map_screen.jpg\" alt=\"\" \/><\/p>\n<p>Abb. zeigt RS-AERO1I-Kartenbeispiel \u00a92017 Google-Map-Daten, \u00a92017 Google<\/p>\n<p>* In verschiedenen L\u00e4ndern k\u00f6nnen zus\u00e4tzliche Zertifizierungen erforderlich sein. Wenden Sie sich diesbez\u00fcglich an die lokalen Beh\u00f6rden.<\/p>\n<h3><strong>Mitgeliefertes Zubeh\u00f6r (IC-A25NE #13)<\/strong><\/h3>\n<p>Akku-Pack BP-288 | Batteriebeh\u00e4lter BP-289 | Schnellladeger\u00e4t BC-224 | Netzadapter BC-123SE f\u00fcr BC-224 | Headset-Adapterkabel OPC-2379 | Antenne FA-B02AR | G\u00fcrtelclip MB-133 | Handschlaufe<\/p>\n<h3><strong>Mitgeliefertes Zubeh\u00f6r (IC-A25CE #33)<\/strong><\/h3>\n<p>Akku-Pack BP-288 | Schnellladeger\u00e4t BC-224 | Netzadapter BC-123SE f\u00fcr BC-224 | Antenne FA-B02AR | G\u00fcrtelclip MB-133 | Handschlaufe<\/p>\n<p>* Die Applikation f\u00fcr iOs\u2122 kann kostenlos vom App Store heruntergeladen werden.<br \/>\n(Eine Applikation f\u00fcr Android\u2122 ist nicht verf\u00fcgbar.)<\/p>\n<p><em>Windows ist eine registrierte Marke oder Marke der Microsoft Corporation in den Vereinigten Staaten und\/oder in anderen L\u00e4ndern. Die Bluetooth\u00ae-Wortmarke und das Logo sind registrierte Marken der Bluetooth SIG, Inc. Icom Inc. hat die Lizenz f\u00fcr die Nutzung dieser Marken. iOS ist eine Marke oder registrierte Marke der Cisco in den Vereinigten Staaten und anderen L\u00e4ndern und wird lizenziert verwendet. App Store ist eine Marke der Apple Inc. 3M, PELTOR und WS sind Marken der 3M Company.<\/em><\/p>\n<p><strong>Weitere Informationen finden Sie im Download-Bereich<\/strong><\/p>\n<div class=\"fusion-button-wrapper\"><a class=\"fusion-button button-flat fusion-button-default-size button-default fusion-button-default button-1 fusion-button-default-span fusion-button-default-type\" target=\"_blank\" rel=\"noopener noreferrer\" href=\"\/en\/downloads-aviation\/\"><span class=\"fusion-button-text awb-button__text awb-button__text--default\">Download area<\/span><\/a><\/div>\n","protected":false},"excerpt":{"rendered":"<h2>Next Generation Icom Air Band Radio with Built-in GPS and Bluetooth<\/h2>\n<p>The models meet the radio-technical requirements of ETSI EN 300 676-2.n.<br \/>\nOn this basis, they can be used in Germany for certain applications (see also Official Journal of the Federal Network Agency 17\/2017 from 06.09.2017, Vfg 83\/2017).<\/p>\n[fusion_button link=\"\/en\/distributor\/\" title=\"\" target=\"_self\" link_attributes=\"\" alignment=\"left\" modal=\"\" hide_on_mobile=\"small-visibility,medium-visibility,large-visibility\" class=\"\" id=\"\" color=\"default\" button_gradient_top_color=\"\" button_gradient_bottom_color=\"\" button_gradient_top_color_hover=\"\" button_gradient_bottom_color_hover=\"\" accent_color=\"\" accent_hover_color=\"\" type=\"\" bevel_color=\"\" border_width=\"\" size=\"\" stretch=\"default\" shape=\"\" icon=\"\" icon_position=\"left\" icon_divider=\"no\" animation_type=\"\" animation_direction=\"left\" animation_speed=\"0.3\" animation_offset=\"\"]find distributors[\/fusion_button]\n","protected":false},"featured_media":2964,"template":"","meta":[],"product_brand":[],"product_cat":[79],"product_tag":[],"class_list":{"0":"post-3458","1":"product","2":"type-product","3":"status-publish","4":"has-post-thumbnail","6":"product_cat-handhelds-for-aviation","8":"first","9":"outofstock","10":"taxable","11":"shipping-taxable","12":"product-type-simple"},"yoast_head":"<!-- This site is optimized with the Yoast SEO plugin v26.4 - https:\/\/yoast.com\/wordpress\/plugins\/seo\/ -->\n<title>IC-A25NE \/ IC-A25CE - Icom Europe<\/title>\n<meta name=\"robots\" content=\"index, follow, max-snippet:-1, max-image-preview:large, max-video-preview:-1\" \/>\n<link rel=\"canonical\" href=\"https:\/\/www.icomeurope.com\/en\/product\/ic-a25ne-ic-a25ce\/\" \/>\n<meta property=\"og:locale\" content=\"en_US\" \/>\n<meta property=\"og:type\" content=\"article\" \/>\n<meta property=\"og:title\" content=\"IC-A25NE \/ IC-A25CE - Icom Europe\" \/>\n<meta property=\"og:description\" content=\"Next Generation Icom Air Band Radio with Built-in GPS and Bluetooth The models meet the radio-technical requirements of ETSI EN 300 676-2.n. On this basis, they can be used in Germany for certain applications (see also Official Journal of the Federal Network Agency 17\/2017 from 06.09.2017, Vfg 83\/2017).\" \/>\n<meta property=\"og:url\" content=\"https:\/\/www.icomeurope.com\/en\/product\/ic-a25ne-ic-a25ce\/\" \/>\n<meta property=\"og:site_name\" content=\"Icom Europe\" \/>\n<meta property=\"article:modified_time\" content=\"2024-08-29T14:11:09+00:00\" \/>\n<meta property=\"og:image\" content=\"https:\/\/www.icomeurope.com\/wp-content\/uploads\/2018\/08\/flugfunk_handfunkgeraete_IC-A25NE_IC_A25CE_1.jpg\" \/>\n\t<meta property=\"og:image:width\" content=\"800\" \/>\n\t<meta property=\"og:image:height\" content=\"800\" \/>\n\t<meta property=\"og:image:type\" content=\"image\/jpeg\" \/>\n<meta name=\"twitter:card\" content=\"summary_large_image\" \/>\n<meta name=\"twitter:label1\" content=\"Est. reading time\" \/>\n\t<meta name=\"twitter:data1\" content=\"6 minutes\" \/>\n<script type=\"application\/ld+json\" class=\"yoast-schema-graph\">{\"@context\":\"https:\/\/schema.org\",\"@graph\":[{\"@type\":\"WebPage\",\"@id\":\"https:\/\/www.icomeurope.com\/en\/product\/ic-a25ne-ic-a25ce\/\",\"url\":\"https:\/\/www.icomeurope.com\/en\/product\/ic-a25ne-ic-a25ce\/\",\"name\":\"IC-A25NE \/ IC-A25CE - Icom Europe\",\"isPartOf\":{\"@id\":\"https:\/\/www.icomeurope.com\/en\/#website\"},\"primaryImageOfPage\":{\"@id\":\"https:\/\/www.icomeurope.com\/en\/product\/ic-a25ne-ic-a25ce\/#primaryimage\"},\"image\":{\"@id\":\"https:\/\/www.icomeurope.com\/en\/product\/ic-a25ne-ic-a25ce\/#primaryimage\"},\"thumbnailUrl\":\"https:\/\/www.icomeurope.com\/wp-content\/uploads\/2018\/08\/flugfunk_handfunkgeraete_IC-A25NE_IC_A25CE_1.jpg\",\"datePublished\":\"2018-08-12T11:29:10+00:00\",\"dateModified\":\"2024-08-29T14:11:09+00:00\",\"breadcrumb\":{\"@id\":\"https:\/\/www.icomeurope.com\/en\/product\/ic-a25ne-ic-a25ce\/#breadcrumb\"},\"inLanguage\":\"en-US\",\"potentialAction\":[{\"@type\":\"ReadAction\",\"target\":[\"https:\/\/www.icomeurope.com\/en\/product\/ic-a25ne-ic-a25ce\/\"]}]},{\"@type\":\"ImageObject\",\"inLanguage\":\"en-US\",\"@id\":\"https:\/\/www.icomeurope.com\/en\/product\/ic-a25ne-ic-a25ce\/#primaryimage\",\"url\":\"https:\/\/www.icomeurope.com\/wp-content\/uploads\/2018\/08\/flugfunk_handfunkgeraete_IC-A25NE_IC_A25CE_1.jpg\",\"contentUrl\":\"https:\/\/www.icomeurope.com\/wp-content\/uploads\/2018\/08\/flugfunk_handfunkgeraete_IC-A25NE_IC_A25CE_1.jpg\",\"width\":800,\"height\":800},{\"@type\":\"BreadcrumbList\",\"@id\":\"https:\/\/www.icomeurope.com\/en\/product\/ic-a25ne-ic-a25ce\/#breadcrumb\",\"itemListElement\":[{\"@type\":\"ListItem\",\"position\":1,\"name\":\"Startseite\",\"item\":\"https:\/\/www.icomeurope.com\/en\/\"},{\"@type\":\"ListItem\",\"position\":2,\"name\":\"Shop\",\"item\":\"https:\/\/www.icomeurope.com\/en\/shop\/\"},{\"@type\":\"ListItem\",\"position\":3,\"name\":\"IC-A25NE \/ IC-A25CE\"}]},{\"@type\":\"WebSite\",\"@id\":\"https:\/\/www.icomeurope.com\/en\/#website\",\"url\":\"https:\/\/www.icomeurope.com\/en\/\",\"name\":\"Icom Europe\",\"description\":\"Communication Equipment\",\"publisher\":{\"@id\":\"https:\/\/www.icomeurope.com\/en\/#organization\"},\"potentialAction\":[{\"@type\":\"SearchAction\",\"target\":{\"@type\":\"EntryPoint\",\"urlTemplate\":\"https:\/\/www.icomeurope.com\/en\/?s={search_term_string}\"},\"query-input\":{\"@type\":\"PropertyValueSpecification\",\"valueRequired\":true,\"valueName\":\"search_term_string\"}}],\"inLanguage\":\"en-US\"},{\"@type\":\"Organization\",\"@id\":\"https:\/\/www.icomeurope.com\/en\/#organization\",\"name\":\"Icom Europe\",\"url\":\"https:\/\/www.icomeurope.com\/en\/\",\"logo\":{\"@type\":\"ImageObject\",\"inLanguage\":\"en-US\",\"@id\":\"https:\/\/www.icomeurope.com\/en\/#\/schema\/logo\/image\/\",\"url\":\"https:\/\/www.icomeurope.com\/wp-content\/uploads\/2018\/04\/icom-europe-logo-300.jpg\",\"contentUrl\":\"https:\/\/www.icomeurope.com\/wp-content\/uploads\/2018\/04\/icom-europe-logo-300.jpg\",\"width\":300,\"height\":145,\"caption\":\"Icom Europe\"},\"image\":{\"@id\":\"https:\/\/www.icomeurope.com\/en\/#\/schema\/logo\/image\/\"}}]}<\/script>\n<!-- \/ Yoast SEO plugin. -->","yoast_head_json":{"title":"IC-A25NE \/ IC-A25CE - Icom Europe","robots":{"index":"index","follow":"follow","max-snippet":"max-snippet:-1","max-image-preview":"max-image-preview:large","max-video-preview":"max-video-preview:-1"},"canonical":"https:\/\/www.icomeurope.com\/en\/product\/ic-a25ne-ic-a25ce\/","og_locale":"en_US","og_type":"article","og_title":"IC-A25NE \/ IC-A25CE - Icom Europe","og_description":"Next Generation Icom Air Band Radio with Built-in GPS and Bluetooth The models meet the radio-technical requirements of ETSI EN 300 676-2.n. On this basis, they can be used in Germany for certain applications (see also Official Journal of the Federal Network Agency 17\/2017 from 06.09.2017, Vfg 83\/2017).","og_url":"https:\/\/www.icomeurope.com\/en\/product\/ic-a25ne-ic-a25ce\/","og_site_name":"Icom Europe","article_modified_time":"2024-08-29T14:11:09+00:00","og_image":[{"width":800,"height":800,"url":"https:\/\/www.icomeurope.com\/wp-content\/uploads\/2018\/08\/flugfunk_handfunkgeraete_IC-A25NE_IC_A25CE_1.jpg","type":"image\/jpeg"}],"twitter_card":"summary_large_image","twitter_misc":{"Est. reading time":"6 minutes"},"schema":{"@context":"https:\/\/schema.org","@graph":[{"@type":"WebPage","@id":"https:\/\/www.icomeurope.com\/en\/product\/ic-a25ne-ic-a25ce\/","url":"https:\/\/www.icomeurope.com\/en\/product\/ic-a25ne-ic-a25ce\/","name":"IC-A25NE \/ IC-A25CE - Icom Europe","isPartOf":{"@id":"https:\/\/www.icomeurope.com\/en\/#website"},"primaryImageOfPage":{"@id":"https:\/\/www.icomeurope.com\/en\/product\/ic-a25ne-ic-a25ce\/#primaryimage"},"image":{"@id":"https:\/\/www.icomeurope.com\/en\/product\/ic-a25ne-ic-a25ce\/#primaryimage"},"thumbnailUrl":"https:\/\/www.icomeurope.com\/wp-content\/uploads\/2018\/08\/flugfunk_handfunkgeraete_IC-A25NE_IC_A25CE_1.jpg","datePublished":"2018-08-12T11:29:10+00:00","dateModified":"2024-08-29T14:11:09+00:00","breadcrumb":{"@id":"https:\/\/www.icomeurope.com\/en\/product\/ic-a25ne-ic-a25ce\/#breadcrumb"},"inLanguage":"en-US","potentialAction":[{"@type":"ReadAction","target":["https:\/\/www.icomeurope.com\/en\/product\/ic-a25ne-ic-a25ce\/"]}]},{"@type":"ImageObject","inLanguage":"en-US","@id":"https:\/\/www.icomeurope.com\/en\/product\/ic-a25ne-ic-a25ce\/#primaryimage","url":"https:\/\/www.icomeurope.com\/wp-content\/uploads\/2018\/08\/flugfunk_handfunkgeraete_IC-A25NE_IC_A25CE_1.jpg","contentUrl":"https:\/\/www.icomeurope.com\/wp-content\/uploads\/2018\/08\/flugfunk_handfunkgeraete_IC-A25NE_IC_A25CE_1.jpg","width":800,"height":800},{"@type":"BreadcrumbList","@id":"https:\/\/www.icomeurope.com\/en\/product\/ic-a25ne-ic-a25ce\/#breadcrumb","itemListElement":[{"@type":"ListItem","position":1,"name":"Startseite","item":"https:\/\/www.icomeurope.com\/en\/"},{"@type":"ListItem","position":2,"name":"Shop","item":"https:\/\/www.icomeurope.com\/en\/shop\/"},{"@type":"ListItem","position":3,"name":"IC-A25NE \/ IC-A25CE"}]},{"@type":"WebSite","@id":"https:\/\/www.icomeurope.com\/en\/#website","url":"https:\/\/www.icomeurope.com\/en\/","name":"Icom Europe","description":"Communication Equipment","publisher":{"@id":"https:\/\/www.icomeurope.com\/en\/#organization"},"potentialAction":[{"@type":"SearchAction","target":{"@type":"EntryPoint","urlTemplate":"https:\/\/www.icomeurope.com\/en\/?s={search_term_string}"},"query-input":{"@type":"PropertyValueSpecification","valueRequired":true,"valueName":"search_term_string"}}],"inLanguage":"en-US"},{"@type":"Organization","@id":"https:\/\/www.icomeurope.com\/en\/#organization","name":"Icom Europe","url":"https:\/\/www.icomeurope.com\/en\/","logo":{"@type":"ImageObject","inLanguage":"en-US","@id":"https:\/\/www.icomeurope.com\/en\/#\/schema\/logo\/image\/","url":"https:\/\/www.icomeurope.com\/wp-content\/uploads\/2018\/04\/icom-europe-logo-300.jpg","contentUrl":"https:\/\/www.icomeurope.com\/wp-content\/uploads\/2018\/04\/icom-europe-logo-300.jpg","width":300,"height":145,"caption":"Icom Europe"},"image":{"@id":"https:\/\/www.icomeurope.com\/en\/#\/schema\/logo\/image\/"}}]}},"_links":{"self":[{"href":"https:\/\/www.icomeurope.com\/en\/wp-json\/wp\/v2\/product\/3458","targetHints":{"allow":["GET"]}}],"collection":[{"href":"https:\/\/www.icomeurope.com\/en\/wp-json\/wp\/v2\/product"}],"about":[{"href":"https:\/\/www.icomeurope.com\/en\/wp-json\/wp\/v2\/types\/product"}],"wp:featuredmedia":[{"embeddable":true,"href":"https:\/\/www.icomeurope.com\/en\/wp-json\/wp\/v2\/media\/2964"}],"wp:attachment":[{"href":"https:\/\/www.icomeurope.com\/en\/wp-json\/wp\/v2\/media?parent=3458"}],"wp:term":[{"taxonomy":"product_brand","embeddable":true,"href":"https:\/\/www.icomeurope.com\/en\/wp-json\/wp\/v2\/product_brand?post=3458"},{"taxonomy":"product_cat","embeddable":true,"href":"https:\/\/www.icomeurope.com\/en\/wp-json\/wp\/v2\/product_cat?post=3458"},{"taxonomy":"product_tag","embeddable":true,"href":"https:\/\/www.icomeurope.com\/en\/wp-json\/wp\/v2\/product_tag?post=3458"}],"curies":[{"name":"wp","href":"https:\/\/api.w.org\/{rel}","templated":true}]}}