{"id":3352,"date":"2018-08-09T13:10:57","date_gmt":"2018-08-09T13:10:57","guid":{"rendered":"https:\/\/www.icomeurope.com\/produkt\/ic-f5400d-serie_ic-f6400d-serie\/"},"modified":"2020-02-12T07:18:39","modified_gmt":"2020-02-12T07:18:39","slug":"ic-f5400d-serie_ic-f6400d-serie","status":"publish","type":"product","link":"https:\/\/www.icomeurope.com\/en\/product\/ic-f5400d-serie_ic-f6400d-serie\/","title":{"rendered":"IC-F5400D \/ IC-F6400D SERIE"},"content":{"rendered":"<p>Verfeinerungen und Optimierungen in der Produktion erm\u00f6glichen nicht nur eine Reduzierung der Abmessungen der Ger\u00e4te, sondern erlauben zugleich neue Funktionen und verbesserte Leistungsmerkmale. Die Weiterentwicklung der elektronischen Komponenten und der konstruktiven M\u00f6glichkeiten bietet auch f\u00fcr Ihr Unternehmen anpassungsf\u00e4hige L\u00f6sungen f\u00fcr die Kommunikation, die sich unabh\u00e4ngig vom konkreten Arbeitsumfeld einfach nutzen lassen.<\/p>\n<p><strong>Color LCD and improved User Interface<\/strong><br \/>\nhigh-resolution color LCD and new user interface is adopted. The color LCD enhances the visibility both in natural and indoor lighting, with the night mode LCD setting as an alternative for use in night time or low lighting conditions. Functions can be easily set by following easy to understand icons and menu items.<\/p>\n<figure class=\"gesamt\">\n<figure class=\"einzel\"><img decoding=\"async\" class=\"\" src=\"https:\/\/www.icomeurope.com\/wp-content\/uploads\/2018\/08\/F5400_day_mode_01.jpg\" alt=\"\" width=\"217\" height=\"102\" \/><figcaption>Day Mode<\/figcaption><\/figure>\n<figure class=\"einzel\"><img decoding=\"async\" class=\"\" src=\"https:\/\/www.icomeurope.com\/wp-content\/uploads\/2018\/08\/F5400_night_mode_02.jpg\" alt=\"\" width=\"219\" height=\"103\" \/><figcaption>Night Mode<\/figcaption><\/figure>\n<figure class=\"einzel\"><img decoding=\"async\" class=\"\" src=\"https:\/\/www.icomeurope.com\/wp-content\/uploads\/2018\/08\/F5400_meu_icons_03.jpg\" alt=\"\" width=\"217\" height=\"102\" \/><figcaption>menu items<\/figcaption><\/figure>\n<\/figure>\n<p><strong>Multiple Languages<\/strong><br \/>\nFunctions and menu items can be programmed in a language other than English. Cyrillic and Simplified Chinese fonts are supported<\/p>\n<p><strong>License Key Upgrade<\/strong><br \/>\nNecessary functions such as trunking capability, channel capacity, AES encryption and other functions can be added with license key options. The IDAS radios can be upgraded and customized to meet your specific needs.<\/p>\n<p><strong>Trunking (NXDN Type-D or dPMR Mode 3)<\/strong><br \/>\nIDAS trunking can bind multiple channels and effectively share the limited number of channels with a large number of users.<br \/>\n<em>* License key (ISL-UGMTR for NXDN Type-D or ISL-UGMD3 for dPMR Mode 3) required.<\/em><\/p>\n<p><strong>AES\/DES Encryption with Over-the-Air-Rekeying (OTAR)<\/strong><br \/>\nFor digital communication security, the IDAS radio provides basic 4-key DES encryption as standard and upgraded to 64-key DES with the optional UT-134. When used with the optional UT-134 and license key (ISL-AKAES), the AES encryption with the OTAR function are available. The OTAR function* allows updating of encryption keys over the radio channel.<br \/>\n<em>* A microSD card is required separately. The OTAR manager software (CS-OTAR1) is required.<\/em><\/p>\n<p><strong>OTAP and OAA<\/strong><br \/>\nThe OTAP function allows you to distribute a radio configuration file over-the-air to update the IDAS radios. Save considerable time with no need to return the radio for reprogramming.<br \/>\n<em>* OTAP manager software (CS-OTPM1) is required.<\/em><\/p>\n<p>The OAA function sends own alias name with a call to receivers and automatically shows the callers name on the receivers display. It eliminates the need to program the call list to each radio, when a new radio is entered or existing radio is passed to another person.<\/p>\n<p><strong>Hands-Free Operation with Bluetooth\u00ae Headset<\/strong><br \/>\nThe built-in Bluetooth\u00ae module provides remote operation and hands-free communication paired with a third-party headset*.<br \/>\n<em>*Available functions depend on paired Bluetooth\u00ae devices. Icom does not guarantee all functions and performance of the Bluetooth\u00ae headset.<\/em><\/p>\n<p><strong>Digital Voice Recording<\/strong><br \/>\nThe IDAS radio can record incoming and outgoing calls, and the user can check recorded communications just in case. When a 32 GB microSD* card is used, a Max. 500 hours of recording is possible.<br \/>\n<em>* A microSD card is required separately.<\/em><\/p>\n<p><strong>Power OFF Emergency<\/strong><br \/>\nThe Power OFF emergency sends an emergency signal even though the radio appears to be powered OFF.<\/p>\n<p><strong>Transparent Data<\/strong><br \/>\nThe IDAS radio can be used as a transparent data modem which transmits various data up to 3600 bps over the radio channel. The NXDN 12.5 kHz digital mode doubles the data speed.<\/p>\n<p><strong>Active Noise Canceller<\/strong><br \/>\nThe active noise canceller assists in providing clear audio, while suppressing background noise. The function improves both your transmitted voice and incoming call. The radio user does not need to shout into the microphone even under extremely noisy environment<\/p>\n<p><strong>Audio Equalizer Effect<\/strong><br \/>\nThe audio equalizer allows you to tailor the audio tone to optimize voice quality in various use environments.<\/p>\n<ul>\n<li>Audio compander<\/li>\n<li>Beat cancel<\/li>\n<\/ul>\n<p><strong>Built-in GPS Receiver<\/strong><br \/>\nThe position data can be sent with voice call or status call and can be used with a third-party AVL (Automatic Vehicle Location) system. The GPS log functions logs user position data at regular intervals.<br \/>\n<em>* An optional GPS antenna UX-241 is required.<\/em><\/p>\n<p><strong>USB Port for PC Connection<\/strong><br \/>\nThe IDAS radio can be connected to a PC through a USB port for programming radios and accessing the installed microSD card in mass storage mode.<\/p>\n<ul>\n<li>Horn, dimmer, external PTT programmable through D-SUB 25-pin connector<\/li>\n<li>Serial communication interface with Bluetooth\u00ae for wireless connection<\/li>\n<li>Radio programming through a microSD card<\/li>\n<\/ul>\n<p><strong>Voice Announcement<\/strong><br \/>\nThe new IDAS radios can notify channel number, zone and channel type with voice announcement. This function is convenient for making radio adjustments without having to look at the radio. Voice announcements can be replaced with customized messages.<\/p>\n<ul>\n<li>Messages of up to 100 characters<\/li>\n<li>Status message<\/li>\n<li>Normal, priority and voting scan<\/li>\n<li>Internal clock<\/li>\n<\/ul>\n<p><strong>Multiple Controller Configurations*<\/strong><br \/>\nWith a combination with optional separation kits, COMMANDMIC and separation cables, three types of controller configurations are available to suit almost any application or installation that may be required. The intercom function is available between controllers and\/or COMMANDMIC.<\/p>\n<figure class=\"gesamt\">\n<figure class=\"einzel\"><img decoding=\"async\" src=\"https:\/\/www.icomeurope.com\/wp-content\/uploads\/2018\/08\/F5400_RMK-5_04.jpg\" alt=\"\" width=\"217\" height=\"102\" \/><figcaption>a)<\/figcaption><\/figure>\n<figure class=\"einzel\"><img decoding=\"async\" src=\"https:\/\/www.icomeurope.com\/wp-content\/uploads\/2018\/08\/F5400_RMK-7_05.jpg\" alt=\"\" width=\"219\" height=\"103\" \/><figcaption>b)<\/figcaption><\/figure>\n<figure class=\"einzel\"><img decoding=\"async\" src=\"https:\/\/www.icomeurope.com\/wp-content\/uploads\/2018\/08\/F5400_RMK-5_04.jpg\" alt=\"\" width=\"217\" height=\"102\" \/><figcaption>c)<\/figcaption><\/figure>\n<\/figure>\n<p>a) Detached Controller*<br \/>\nA detached controller head with the separated RF unit is a simple to install in almost any vehicle.<br \/>\nb) Dual Head Controller*<br \/>\nSuitable for double cab vehicles. Install the controller head to front and rear seats respectively.<br \/>\nc) COMMANDMIC\u2122 and Detached Controller*<br \/>\nThe COMMANDMIC is handy for installing a work platform on the rear part of the vehicle.<\/p>\n<p><em>* Detached Controller, Dual head and COMMANDMIC configurations are for IC-F5400D\/F5400DP, IC-F6400D\/F6400DP only<\/em><\/p>\n<p><strong>General features<\/strong><br \/>\nFrequency ranges: 136-174 MHz, 380-470 MHz \u2502 1024 memory channels in 128 zones \u2502 IP55 dust and splash resistant \u2502 Stable construction complies with MIL standards \u2502 25-pin Sub-D accessory connector with programmable functions \u2502 Built-in 20W LF Amplifier for connecting an external megaphone \u2502 VOX function (Voice Operated transmission) \u2502 Internal clock \u2502 Fast search for voting and multi-site operation \u2502 Tactical group function for the temporary splitting of user groups \u2502 Normal, priority and voting search<\/p>\n<p><strong>IDAS\u2122-Features<\/strong><br \/>\nIDAS Conventional and Multi Site Conventional \u2502 Type D Single Site Trunking and Multi Site Trunking * \u2502 6.25kHz and 12.5kHz Channel Gap \u2502 Analog \/ Digital Conventional Mixed Mode Operation \u2502 Status Message \u2502 Text Message \u2502 Call Alert \u2502 Radio Check \u2502 Radio Stun \/ Revive \/ Kill \u2502 Remote Monitor<br \/>\n<em>* License upgrade for Type-D multi-site trunking possible.<\/em><\/p>\n<p><strong>Analog-FM-Features<\/strong><br \/>\n2-Ton-, 5-Ton-Signalisierung, CTCSS und DTCS eingebaut \u2502 DTMF-Automatikwahl und DTMF-Decoder \u2502 MDC-1200-kompatibel \u2502 BIIS-1200-kompatibel \u2502 Basic LTR\u2122-Trunking \u2502 Audio-Compander \u2502 Eingebauter Sprachinverter<\/p>\n<h3><strong>Technical specifications<\/strong><\/h3>\n<p><em><a title=\"Prospekte\" href=\"http:\/\/www.icomeurope.com\/index.php?option=com_content&amp;view=article&amp;id=145&amp;Itemid=43\">see brochure <\/a><\/em><\/p>\n<p><strong>Supplied accessories<\/strong><br \/>\nHandheld microphone HM-221 | Power supply cable | Mounting Kit | microphone hanger<\/p>\n<p><strong>Optional accessories\u00a0<\/strong><br \/>\nHM-220 &#8211; Robust handheld microphone (IP54)<br \/>\nHM-220T &#8211; Robust handheld microphone with DTMF keyboard (IP54)<br \/>\nHM-221 &#8211; Hand Microphone (IP55)<br \/>\nHM-221T &#8211; DTMF microphone (IP55)<\/p>\n<p>SM-29 &#8211; able microphone<\/p>\n<p>SP-30 &#8211; External loudspeaker, loadable up to 20W<br \/>\nSP-35 &#8211; External speaker (2 m cable)<br \/>\nSP-35L &#8211; external speaker (6 m cable)<\/p>\n<p>RMK-5 &#8211; SInstallation Kit with Remote Control Panel (IC-F5400D \/ F6400D only)<\/p>\n<p>RMK-7 &#8211; Dual separation kit consisting of separation kit and second control panel for configurations with two separate control panels (only for IC-F5400D \/ F6400D)<\/p>\n<p>HM-218 &#8211; COMMANDMIC \u2122; second remote microphone for RMK-5 (only for IC-F5400D \/ F6400D)<\/p>\n<p>Separation cable for RMK-5 or RMK-7<br \/>\nOPC-2364 (1.9 m length)<br \/>\nOPC-2365 (3 m length)<br \/>\nOPC-2366 (5 m length)<br \/>\nOPC-2367 (8 m length)<\/p>\n<p>Separation cable for COMMANDMIC \u2122 HM-218<br \/>\n(A separation cable is required for use with remote keypad or COMMANDMIC \u2122.)<br \/>\nOPC-2373 (1.9 m length)<br \/>\nOPC-2374 (8 m length)<\/p>\n<p>&nbsp;<\/p>\n<p><strong>Further information can be found in the download area<\/strong><\/p>\n<div class=\"fusion-button-wrapper\"><a class=\"fusion-button button-flat fusion-button-default-size button-default fusion-button-default button-1 fusion-button-default-span fusion-button-default-type\" target=\"_blank\" rel=\"noopener noreferrer\" href=\"\/en\/downloads-land-mobile\/\"><span class=\"fusion-button-text awb-button__text awb-button__text--default\">Download area<\/span><\/a><\/div>\n","protected":false},"excerpt":{"rendered":"<h2>VHF and UHF-DIGITAL mobile radio<\/h2>\n<p>IDAS\u2122 Takes You To a New Level of \u201cSmart\u201d<br \/>\nNow with the new generation of IDAS, Icom takes you to a new level of \u201csmart\u201d. The new IDAS series sports an updated look and design. Its plethora of functions and the attention to hardware details only Icom can provide brings you a solution that makes you look smart and work smart too.<\/p>\n<p>Refinements and enhancements to design, usability and features \u2013 combined with the electrical and industrial hardware improvements \u2013 further the total reliability of the new IDAS series. This reliability ranges from the \u201czero adjustment\u201d, non-variance production quality of every radio made to a new and stress-free user experience that masks the real complexity behind this multi-protocol platform.<\/p>\n<p>Icom\u2019s product quality is legendary. Look smart and work smart with the new IDAS series. Using is believing.<\/p>\n<p><img decoding=\"async\" class=\"alignnone size-medium wp-image-660\" src=\"https:\/\/www.icomeurope.com\/wp-content\/uploads\/2018\/08\/IC-F5400D-Serie_IC-F6400D-Serie_icons-300x51.png\" alt=\"\" width=\"300\" height=\"51\" srcset=\"https:\/\/www.icomeurope.com\/wp-content\/uploads\/2018\/08\/IC-F5400D-Serie_IC-F6400D-Serie_icons-200x34.png 200w, https:\/\/www.icomeurope.com\/wp-content\/uploads\/2018\/08\/IC-F5400D-Serie_IC-F6400D-Serie_icons-300x51.png 300w, https:\/\/www.icomeurope.com\/wp-content\/uploads\/2018\/08\/IC-F5400D-Serie_IC-F6400D-Serie_icons-400x68.png 400w, https:\/\/www.icomeurope.com\/wp-content\/uploads\/2018\/08\/IC-F5400D-Serie_IC-F6400D-Serie_icons-500x85.png 500w, https:\/\/www.icomeurope.com\/wp-content\/uploads\/2018\/08\/IC-F5400D-Serie_IC-F6400D-Serie_icons.png 518w\" sizes=\"(max-width: 300px) 100vw, 300px\" \/><\/p>\n[fusion_button link=\"\/en\/distributor\/\" title=\"\" target=\"_self\" link_attributes=\"\" alignment=\"left\" modal=\"\" hide_on_mobile=\"small-visibility,medium-visibility,large-visibility\" class=\"\" id=\"\" color=\"default\" button_gradient_top_color=\"\" button_gradient_bottom_color=\"\" button_gradient_top_color_hover=\"\" button_gradient_bottom_color_hover=\"\" accent_color=\"\" accent_hover_color=\"\" type=\"\" bevel_color=\"\" border_width=\"\" size=\"\" stretch=\"default\" shape=\"\" icon=\"\" icon_position=\"left\" icon_divider=\"no\" animation_type=\"\" animation_direction=\"left\" animation_speed=\"0.3\" animation_offset=\"\"]find distributors[\/fusion_button]\n","protected":false},"featured_media":2798,"template":"","meta":[],"product_brand":[],"product_cat":[84],"product_tag":[],"class_list":{"0":"post-3352","1":"product","2":"type-product","3":"status-publish","4":"has-post-thumbnail","6":"product_cat-mobiles-for-land-mobile-devices","8":"first","9":"outofstock","10":"taxable","11":"shipping-taxable","12":"product-type-simple"},"yoast_head":"<!-- This site is optimized with the Yoast SEO plugin v26.4 - https:\/\/yoast.com\/wordpress\/plugins\/seo\/ -->\n<title>IC-F5400D \/ IC-F6400D SERIE - Icom Europe<\/title>\n<meta name=\"robots\" content=\"index, follow, max-snippet:-1, max-image-preview:large, max-video-preview:-1\" \/>\n<link rel=\"canonical\" href=\"https:\/\/www.icomeurope.com\/en\/product\/ic-f5400d-serie_ic-f6400d-serie\/\" \/>\n<meta property=\"og:locale\" content=\"en_US\" \/>\n<meta property=\"og:type\" content=\"article\" \/>\n<meta property=\"og:title\" content=\"IC-F5400D \/ IC-F6400D SERIE - Icom Europe\" \/>\n<meta property=\"og:description\" content=\"VHF and UHF-DIGITAL mobile radio IDAS\u2122 Takes You To a New Level of \u201cSmart\u201d Now with the new generation of IDAS, Icom takes you to a new level of \u201csmart\u201d. The new IDAS series sports an updated look and design. Its plethora of functions and the attention to hardware details only Icom can provide brings you a solution that makes you look smart and work smart too.  Refinements and enhancements to design, usability and features \u2013 combined with the electrical and industrial hardware improvements \u2013 further the total reliability of the new IDAS series. This reliability ranges from the \u201czero adjustment\u201d, non-variance production quality of every radio made to a new and stress-free user experience that masks the real complexity behind this multi-protocol platform.  Icom\u2019s product quality is legendary. Look smart and work smart with the new IDAS series. Using is believing.\" \/>\n<meta property=\"og:url\" content=\"https:\/\/www.icomeurope.com\/en\/product\/ic-f5400d-serie_ic-f6400d-serie\/\" \/>\n<meta property=\"og:site_name\" content=\"Icom Europe\" \/>\n<meta property=\"article:modified_time\" content=\"2020-02-12T07:18:39+00:00\" \/>\n<meta property=\"og:image\" content=\"https:\/\/www.icomeurope.com\/wp-content\/uploads\/2018\/08\/betriebsfunk_mobilfunkgeraete_IC_F5400D_IC_F6400D.jpg\" \/>\n\t<meta property=\"og:image:width\" content=\"800\" \/>\n\t<meta property=\"og:image:height\" content=\"800\" \/>\n\t<meta property=\"og:image:type\" content=\"image\/jpeg\" \/>\n<meta name=\"twitter:card\" content=\"summary_large_image\" \/>\n<meta name=\"twitter:label1\" content=\"Est. reading time\" \/>\n\t<meta name=\"twitter:data1\" content=\"6 minutes\" \/>\n<script type=\"application\/ld+json\" class=\"yoast-schema-graph\">{\"@context\":\"https:\/\/schema.org\",\"@graph\":[{\"@type\":\"WebPage\",\"@id\":\"https:\/\/www.icomeurope.com\/en\/product\/ic-f5400d-serie_ic-f6400d-serie\/\",\"url\":\"https:\/\/www.icomeurope.com\/en\/product\/ic-f5400d-serie_ic-f6400d-serie\/\",\"name\":\"IC-F5400D \/ IC-F6400D SERIE - Icom Europe\",\"isPartOf\":{\"@id\":\"https:\/\/www.icomeurope.com\/en\/#website\"},\"primaryImageOfPage\":{\"@id\":\"https:\/\/www.icomeurope.com\/en\/product\/ic-f5400d-serie_ic-f6400d-serie\/#primaryimage\"},\"image\":{\"@id\":\"https:\/\/www.icomeurope.com\/en\/product\/ic-f5400d-serie_ic-f6400d-serie\/#primaryimage\"},\"thumbnailUrl\":\"https:\/\/www.icomeurope.com\/wp-content\/uploads\/2018\/08\/betriebsfunk_mobilfunkgeraete_IC_F5400D_IC_F6400D.jpg\",\"datePublished\":\"2018-08-09T13:10:57+00:00\",\"dateModified\":\"2020-02-12T07:18:39+00:00\",\"breadcrumb\":{\"@id\":\"https:\/\/www.icomeurope.com\/en\/product\/ic-f5400d-serie_ic-f6400d-serie\/#breadcrumb\"},\"inLanguage\":\"en-US\",\"potentialAction\":[{\"@type\":\"ReadAction\",\"target\":[\"https:\/\/www.icomeurope.com\/en\/product\/ic-f5400d-serie_ic-f6400d-serie\/\"]}]},{\"@type\":\"ImageObject\",\"inLanguage\":\"en-US\",\"@id\":\"https:\/\/www.icomeurope.com\/en\/product\/ic-f5400d-serie_ic-f6400d-serie\/#primaryimage\",\"url\":\"https:\/\/www.icomeurope.com\/wp-content\/uploads\/2018\/08\/betriebsfunk_mobilfunkgeraete_IC_F5400D_IC_F6400D.jpg\",\"contentUrl\":\"https:\/\/www.icomeurope.com\/wp-content\/uploads\/2018\/08\/betriebsfunk_mobilfunkgeraete_IC_F5400D_IC_F6400D.jpg\",\"width\":800,\"height\":800},{\"@type\":\"BreadcrumbList\",\"@id\":\"https:\/\/www.icomeurope.com\/en\/product\/ic-f5400d-serie_ic-f6400d-serie\/#breadcrumb\",\"itemListElement\":[{\"@type\":\"ListItem\",\"position\":1,\"name\":\"Startseite\",\"item\":\"https:\/\/www.icomeurope.com\/en\/\"},{\"@type\":\"ListItem\",\"position\":2,\"name\":\"Shop\",\"item\":\"https:\/\/www.icomeurope.com\/en\/shop\/\"},{\"@type\":\"ListItem\",\"position\":3,\"name\":\"IC-F5400D \/ IC-F6400D SERIE\"}]},{\"@type\":\"WebSite\",\"@id\":\"https:\/\/www.icomeurope.com\/en\/#website\",\"url\":\"https:\/\/www.icomeurope.com\/en\/\",\"name\":\"Icom Europe\",\"description\":\"Communication Equipment\",\"publisher\":{\"@id\":\"https:\/\/www.icomeurope.com\/en\/#organization\"},\"potentialAction\":[{\"@type\":\"SearchAction\",\"target\":{\"@type\":\"EntryPoint\",\"urlTemplate\":\"https:\/\/www.icomeurope.com\/en\/?s={search_term_string}\"},\"query-input\":{\"@type\":\"PropertyValueSpecification\",\"valueRequired\":true,\"valueName\":\"search_term_string\"}}],\"inLanguage\":\"en-US\"},{\"@type\":\"Organization\",\"@id\":\"https:\/\/www.icomeurope.com\/en\/#organization\",\"name\":\"Icom Europe\",\"url\":\"https:\/\/www.icomeurope.com\/en\/\",\"logo\":{\"@type\":\"ImageObject\",\"inLanguage\":\"en-US\",\"@id\":\"https:\/\/www.icomeurope.com\/en\/#\/schema\/logo\/image\/\",\"url\":\"https:\/\/www.icomeurope.com\/wp-content\/uploads\/2018\/04\/icom-europe-logo-300.jpg\",\"contentUrl\":\"https:\/\/www.icomeurope.com\/wp-content\/uploads\/2018\/04\/icom-europe-logo-300.jpg\",\"width\":300,\"height\":145,\"caption\":\"Icom Europe\"},\"image\":{\"@id\":\"https:\/\/www.icomeurope.com\/en\/#\/schema\/logo\/image\/\"}}]}<\/script>\n<!-- \/ Yoast SEO plugin. -->","yoast_head_json":{"title":"IC-F5400D \/ IC-F6400D SERIE - Icom Europe","robots":{"index":"index","follow":"follow","max-snippet":"max-snippet:-1","max-image-preview":"max-image-preview:large","max-video-preview":"max-video-preview:-1"},"canonical":"https:\/\/www.icomeurope.com\/en\/product\/ic-f5400d-serie_ic-f6400d-serie\/","og_locale":"en_US","og_type":"article","og_title":"IC-F5400D \/ IC-F6400D SERIE - Icom Europe","og_description":"VHF and UHF-DIGITAL mobile radio IDAS\u2122 Takes You To a New Level of \u201cSmart\u201d Now with the new generation of IDAS, Icom takes you to a new level of \u201csmart\u201d. The new IDAS series sports an updated look and design. Its plethora of functions and the attention to hardware details only Icom can provide brings you a solution that makes you look smart and work smart too.  Refinements and enhancements to design, usability and features \u2013 combined with the electrical and industrial hardware improvements \u2013 further the total reliability of the new IDAS series. This reliability ranges from the \u201czero adjustment\u201d, non-variance production quality of every radio made to a new and stress-free user experience that masks the real complexity behind this multi-protocol platform.  Icom\u2019s product quality is legendary. Look smart and work smart with the new IDAS series. Using is believing.","og_url":"https:\/\/www.icomeurope.com\/en\/product\/ic-f5400d-serie_ic-f6400d-serie\/","og_site_name":"Icom Europe","article_modified_time":"2020-02-12T07:18:39+00:00","og_image":[{"width":800,"height":800,"url":"https:\/\/www.icomeurope.com\/wp-content\/uploads\/2018\/08\/betriebsfunk_mobilfunkgeraete_IC_F5400D_IC_F6400D.jpg","type":"image\/jpeg"}],"twitter_card":"summary_large_image","twitter_misc":{"Est. reading time":"6 minutes"},"schema":{"@context":"https:\/\/schema.org","@graph":[{"@type":"WebPage","@id":"https:\/\/www.icomeurope.com\/en\/product\/ic-f5400d-serie_ic-f6400d-serie\/","url":"https:\/\/www.icomeurope.com\/en\/product\/ic-f5400d-serie_ic-f6400d-serie\/","name":"IC-F5400D \/ IC-F6400D SERIE - Icom Europe","isPartOf":{"@id":"https:\/\/www.icomeurope.com\/en\/#website"},"primaryImageOfPage":{"@id":"https:\/\/www.icomeurope.com\/en\/product\/ic-f5400d-serie_ic-f6400d-serie\/#primaryimage"},"image":{"@id":"https:\/\/www.icomeurope.com\/en\/product\/ic-f5400d-serie_ic-f6400d-serie\/#primaryimage"},"thumbnailUrl":"https:\/\/www.icomeurope.com\/wp-content\/uploads\/2018\/08\/betriebsfunk_mobilfunkgeraete_IC_F5400D_IC_F6400D.jpg","datePublished":"2018-08-09T13:10:57+00:00","dateModified":"2020-02-12T07:18:39+00:00","breadcrumb":{"@id":"https:\/\/www.icomeurope.com\/en\/product\/ic-f5400d-serie_ic-f6400d-serie\/#breadcrumb"},"inLanguage":"en-US","potentialAction":[{"@type":"ReadAction","target":["https:\/\/www.icomeurope.com\/en\/product\/ic-f5400d-serie_ic-f6400d-serie\/"]}]},{"@type":"ImageObject","inLanguage":"en-US","@id":"https:\/\/www.icomeurope.com\/en\/product\/ic-f5400d-serie_ic-f6400d-serie\/#primaryimage","url":"https:\/\/www.icomeurope.com\/wp-content\/uploads\/2018\/08\/betriebsfunk_mobilfunkgeraete_IC_F5400D_IC_F6400D.jpg","contentUrl":"https:\/\/www.icomeurope.com\/wp-content\/uploads\/2018\/08\/betriebsfunk_mobilfunkgeraete_IC_F5400D_IC_F6400D.jpg","width":800,"height":800},{"@type":"BreadcrumbList","@id":"https:\/\/www.icomeurope.com\/en\/product\/ic-f5400d-serie_ic-f6400d-serie\/#breadcrumb","itemListElement":[{"@type":"ListItem","position":1,"name":"Startseite","item":"https:\/\/www.icomeurope.com\/en\/"},{"@type":"ListItem","position":2,"name":"Shop","item":"https:\/\/www.icomeurope.com\/en\/shop\/"},{"@type":"ListItem","position":3,"name":"IC-F5400D \/ IC-F6400D SERIE"}]},{"@type":"WebSite","@id":"https:\/\/www.icomeurope.com\/en\/#website","url":"https:\/\/www.icomeurope.com\/en\/","name":"Icom Europe","description":"Communication Equipment","publisher":{"@id":"https:\/\/www.icomeurope.com\/en\/#organization"},"potentialAction":[{"@type":"SearchAction","target":{"@type":"EntryPoint","urlTemplate":"https:\/\/www.icomeurope.com\/en\/?s={search_term_string}"},"query-input":{"@type":"PropertyValueSpecification","valueRequired":true,"valueName":"search_term_string"}}],"inLanguage":"en-US"},{"@type":"Organization","@id":"https:\/\/www.icomeurope.com\/en\/#organization","name":"Icom Europe","url":"https:\/\/www.icomeurope.com\/en\/","logo":{"@type":"ImageObject","inLanguage":"en-US","@id":"https:\/\/www.icomeurope.com\/en\/#\/schema\/logo\/image\/","url":"https:\/\/www.icomeurope.com\/wp-content\/uploads\/2018\/04\/icom-europe-logo-300.jpg","contentUrl":"https:\/\/www.icomeurope.com\/wp-content\/uploads\/2018\/04\/icom-europe-logo-300.jpg","width":300,"height":145,"caption":"Icom Europe"},"image":{"@id":"https:\/\/www.icomeurope.com\/en\/#\/schema\/logo\/image\/"}}]}},"_links":{"self":[{"href":"https:\/\/www.icomeurope.com\/en\/wp-json\/wp\/v2\/product\/3352","targetHints":{"allow":["GET"]}}],"collection":[{"href":"https:\/\/www.icomeurope.com\/en\/wp-json\/wp\/v2\/product"}],"about":[{"href":"https:\/\/www.icomeurope.com\/en\/wp-json\/wp\/v2\/types\/product"}],"wp:featuredmedia":[{"embeddable":true,"href":"https:\/\/www.icomeurope.com\/en\/wp-json\/wp\/v2\/media\/2798"}],"wp:attachment":[{"href":"https:\/\/www.icomeurope.com\/en\/wp-json\/wp\/v2\/media?parent=3352"}],"wp:term":[{"taxonomy":"product_brand","embeddable":true,"href":"https:\/\/www.icomeurope.com\/en\/wp-json\/wp\/v2\/product_brand?post=3352"},{"taxonomy":"product_cat","embeddable":true,"href":"https:\/\/www.icomeurope.com\/en\/wp-json\/wp\/v2\/product_cat?post=3352"},{"taxonomy":"product_tag","embeddable":true,"href":"https:\/\/www.icomeurope.com\/en\/wp-json\/wp\/v2\/product_tag?post=3352"}],"curies":[{"name":"wp","href":"https:\/\/api.w.org\/{rel}","templated":true}]}}